{"id":141,"date":"2018-11-21T17:26:25","date_gmt":"2018-11-21T16:26:25","guid":{"rendered":"https:\/\/bismarckserben.org\/aktuelles\/?page_id=141"},"modified":"2019-11-22T15:20:55","modified_gmt":"2019-11-22T14:20:55","slug":"kontakt","status":"publish","type":"page","link":"https:\/\/bismarckserben.org\/aktuelles\/kontakt\/","title":{"rendered":"Kontakt"},"content":{"rendered":"<p>Bismarcks Erben, das sind gesetzliche Deutsche durch Abstammung und Geburt mit Besitz der Staatsangeh\u00f6rigkeit in einem Bundesstaat. Wir betreiben diese Weltnetzseiten auschlie\u00dflich aus unseren Bundesstaaten und in unserer Rechtsstellung als grundrechtsberechtigte Deutsche und Bundesstaatenangeh\u00f6rige gem\u00e4\u00df Artikel 116 Absatz 1 des Grundgesetzes f\u00fcr die Bundesrepublik Deutschland iVm Artikel 50 Einf\u00fchrungsgesetz BGB iVm \u00a7\u00a7 1 und 4(1) des Reichs- und Staatsangeh\u00f6rigkeitsgesetz vom 22.7.1913.<\/p>\n<p>Unser Netzangebot besteht seit August 2018, wir arbeiten u.a. am Aufbau wirklich sicherer Kommunikationswege. Bis diese Infrastruktur geschaffen ist, sind wir \u00fcber <a href=\"https:\/\/t.me\/BismarcksErben_Org\" target=\"_blank\" rel=\"noopener noreferrer\">Bismarcks Erben Telegram Gruppe<\/a> und \u00fcber dieses Kommentar-Formular zu erreichen:<\/p>\n<p>(Keine Sorge: Es ist zwar ein Kommentar-Formular aber die hier versendeten Nachrichten werden NICHT ver\u00f6ffentlicht!)<\/p>\n","protected":false},"excerpt":{"rendered":"<p>Bismarcks Erben, das sind gesetzliche Deutsche durch Abstammung und Geburt mit Besitz der Staatsangeh\u00f6rigkeit in einem Bundesstaat. Wir betreiben diese Weltnetzseiten auschlie\u00dflich aus unseren Bundesstaaten und in unserer Rechtsstellung als&#8230; <a class=\"read-more-link\" href=\"https:\/\/bismarckserben.org\/aktuelles\/kontakt\/\">Read more &raquo;<\/a><\/p>\n","protected":false},"author":1,"featured_media":0,"parent":0,"menu_order":0,"comment_status":"open","ping_status":"closed","template":"","meta":{"footnotes":""},"class_list":["post-141","page","type-page","status-publish","hentry"],"yoast_head":"<!-- This site is optimized with the Yoast SEO plugin v24.3 - https:\/\/yoast.com\/wordpress\/plugins\/seo\/ -->\n<title>Kontakt - Bismarcks Erben.<\/title>\n<meta name=\"robots\" content=\"index, follow, max-snippet:-1, max-image-preview:large, max-video-preview:-1\" \/>\n<link rel=\"canonical\" href=\"https:\/\/bismarckserben.org\/aktuelles\/kontakt\/\" \/>\n<meta property=\"og:locale\" content=\"de_DE\" \/>\n<meta property=\"og:type\" content=\"article\" \/>\n<meta property=\"og:title\" content=\"Kontakt - Bismarcks Erben.\" \/>\n<meta property=\"og:description\" content=\"Bismarcks Erben, das sind gesetzliche Deutsche durch Abstammung und Geburt mit Besitz der Staatsangeh\u00f6rigkeit in einem Bundesstaat. Wir betreiben diese Weltnetzseiten auschlie\u00dflich aus unseren Bundesstaaten und in unserer Rechtsstellung als... Read more &raquo;\" \/>\n<meta property=\"og:url\" content=\"https:\/\/bismarckserben.org\/aktuelles\/kontakt\/\" \/>\n<meta property=\"og:site_name\" content=\"Bismarcks Erben.\" \/>\n<meta property=\"article:modified_time\" content=\"2019-11-22T14:20:55+00:00\" \/>\n<meta property=\"og:image\" content=\"https:\/\/bismarckserben.org\/aktuelles\/wp-content\/uploads\/2021\/01\/bismarck-mit-saebel.jpg\" \/>\n\t<meta property=\"og:image:width\" content=\"700\" \/>\n\t<meta property=\"og:image:height\" content=\"436\" \/>\n\t<meta property=\"og:image:type\" content=\"image\/jpeg\" \/>\n<meta name=\"twitter:card\" content=\"summary_large_image\" \/>\n<meta name=\"twitter:label1\" content=\"Gesch\u00e4tzte Lesezeit\" \/>\n\t<meta name=\"twitter:data1\" content=\"1\u00a0Minute\" \/>\n<script type=\"application\/ld+json\" class=\"yoast-schema-graph\">{\"@context\":\"https:\/\/schema.org\",\"@graph\":[{\"@type\":\"WebPage\",\"@id\":\"https:\/\/bismarckserben.org\/aktuelles\/kontakt\/\",\"url\":\"https:\/\/bismarckserben.org\/aktuelles\/kontakt\/\",\"name\":\"Kontakt - Bismarcks Erben.\",\"isPartOf\":{\"@id\":\"https:\/\/bismarckserben.org\/aktuelles\/#website\"},\"datePublished\":\"2018-11-21T16:26:25+00:00\",\"dateModified\":\"2019-11-22T14:20:55+00:00\",\"breadcrumb\":{\"@id\":\"https:\/\/bismarckserben.org\/aktuelles\/kontakt\/#breadcrumb\"},\"inLanguage\":\"de\",\"potentialAction\":[{\"@type\":\"ReadAction\",\"target\":[\"https:\/\/bismarckserben.org\/aktuelles\/kontakt\/\"]}]},{\"@type\":\"BreadcrumbList\",\"@id\":\"https:\/\/bismarckserben.org\/aktuelles\/kontakt\/#breadcrumb\",\"itemListElement\":[{\"@type\":\"ListItem\",\"position\":1,\"name\":\"Startseite\",\"item\":\"https:\/\/bismarckserben.org\/aktuelles\/\"},{\"@type\":\"ListItem\",\"position\":2,\"name\":\"Kontakt\"}]},{\"@type\":\"WebSite\",\"@id\":\"https:\/\/bismarckserben.org\/aktuelles\/#website\",\"url\":\"https:\/\/bismarckserben.org\/aktuelles\/\",\"name\":\"Bismarcks Erben.\",\"description\":\"Reorganisation des deutschen Indigenats.\",\"publisher\":{\"@id\":\"https:\/\/bismarckserben.org\/aktuelles\/#organization\"},\"potentialAction\":[{\"@type\":\"SearchAction\",\"target\":{\"@type\":\"EntryPoint\",\"urlTemplate\":\"https:\/\/bismarckserben.org\/aktuelles\/?s={search_term_string}\"},\"query-input\":{\"@type\":\"PropertyValueSpecification\",\"valueRequired\":true,\"valueName\":\"search_term_string\"}}],\"inLanguage\":\"de\"},{\"@type\":\"Organization\",\"@id\":\"https:\/\/bismarckserben.org\/aktuelles\/#organization\",\"name\":\"Bismarcks Erben\",\"url\":\"https:\/\/bismarckserben.org\/aktuelles\/\",\"logo\":{\"@type\":\"ImageObject\",\"inLanguage\":\"de\",\"@id\":\"https:\/\/bismarckserben.org\/aktuelles\/#\/schema\/logo\/image\/\",\"url\":\"https:\/\/bismarckserben.org\/aktuelles\/wp-content\/uploads\/2020\/04\/logo-bismarcks-erben-120x150-1.png\",\"contentUrl\":\"https:\/\/bismarckserben.org\/aktuelles\/wp-content\/uploads\/2020\/04\/logo-bismarcks-erben-120x150-1.png\",\"width\":120,\"height\":150,\"caption\":\"Bismarcks Erben\"},\"image\":{\"@id\":\"https:\/\/bismarckserben.org\/aktuelles\/#\/schema\/logo\/image\/\"}}]}<\/script>\n<!-- \/ Yoast SEO plugin. -->","yoast_head_json":{"title":"Kontakt - Bismarcks Erben.","robots":{"index":"index","follow":"follow","max-snippet":"max-snippet:-1","max-image-preview":"max-image-preview:large","max-video-preview":"max-video-preview:-1"},"canonical":"https:\/\/bismarckserben.org\/aktuelles\/kontakt\/","og_locale":"de_DE","og_type":"article","og_title":"Kontakt - Bismarcks Erben.","og_description":"Bismarcks Erben, das sind gesetzliche Deutsche durch Abstammung und Geburt mit Besitz der Staatsangeh\u00f6rigkeit in einem Bundesstaat. Wir betreiben diese Weltnetzseiten auschlie\u00dflich aus unseren Bundesstaaten und in unserer Rechtsstellung als... Read more &raquo;","og_url":"https:\/\/bismarckserben.org\/aktuelles\/kontakt\/","og_site_name":"Bismarcks Erben.","article_modified_time":"2019-11-22T14:20:55+00:00","og_image":[{"width":700,"height":436,"url":"https:\/\/bismarckserben.org\/aktuelles\/wp-content\/uploads\/2021\/01\/bismarck-mit-saebel.jpg","type":"image\/jpeg"}],"twitter_card":"summary_large_image","twitter_misc":{"Gesch\u00e4tzte Lesezeit":"1\u00a0Minute"},"schema":{"@context":"https:\/\/schema.org","@graph":[{"@type":"WebPage","@id":"https:\/\/bismarckserben.org\/aktuelles\/kontakt\/","url":"https:\/\/bismarckserben.org\/aktuelles\/kontakt\/","name":"Kontakt - Bismarcks Erben.","isPartOf":{"@id":"https:\/\/bismarckserben.org\/aktuelles\/#website"},"datePublished":"2018-11-21T16:26:25+00:00","dateModified":"2019-11-22T14:20:55+00:00","breadcrumb":{"@id":"https:\/\/bismarckserben.org\/aktuelles\/kontakt\/#breadcrumb"},"inLanguage":"de","potentialAction":[{"@type":"ReadAction","target":["https:\/\/bismarckserben.org\/aktuelles\/kontakt\/"]}]},{"@type":"BreadcrumbList","@id":"https:\/\/bismarckserben.org\/aktuelles\/kontakt\/#breadcrumb","itemListElement":[{"@type":"ListItem","position":1,"name":"Startseite","item":"https:\/\/bismarckserben.org\/aktuelles\/"},{"@type":"ListItem","position":2,"name":"Kontakt"}]},{"@type":"WebSite","@id":"https:\/\/bismarckserben.org\/aktuelles\/#website","url":"https:\/\/bismarckserben.org\/aktuelles\/","name":"Bismarcks Erben.","description":"Reorganisation des deutschen Indigenats.","publisher":{"@id":"https:\/\/bismarckserben.org\/aktuelles\/#organization"},"potentialAction":[{"@type":"SearchAction","target":{"@type":"EntryPoint","urlTemplate":"https:\/\/bismarckserben.org\/aktuelles\/?s={search_term_string}"},"query-input":{"@type":"PropertyValueSpecification","valueRequired":true,"valueName":"search_term_string"}}],"inLanguage":"de"},{"@type":"Organization","@id":"https:\/\/bismarckserben.org\/aktuelles\/#organization","name":"Bismarcks Erben","url":"https:\/\/bismarckserben.org\/aktuelles\/","logo":{"@type":"ImageObject","inLanguage":"de","@id":"https:\/\/bismarckserben.org\/aktuelles\/#\/schema\/logo\/image\/","url":"https:\/\/bismarckserben.org\/aktuelles\/wp-content\/uploads\/2020\/04\/logo-bismarcks-erben-120x150-1.png","contentUrl":"https:\/\/bismarckserben.org\/aktuelles\/wp-content\/uploads\/2020\/04\/logo-bismarcks-erben-120x150-1.png","width":120,"height":150,"caption":"Bismarcks Erben"},"image":{"@id":"https:\/\/bismarckserben.org\/aktuelles\/#\/schema\/logo\/image\/"}}]}},"_links":{"self":[{"href":"https:\/\/bismarckserben.org\/aktuelles\/wp-json\/wp\/v2\/pages\/141","targetHints":{"allow":["GET"]}}],"collection":[{"href":"https:\/\/bismarckserben.org\/aktuelles\/wp-json\/wp\/v2\/pages"}],"about":[{"href":"https:\/\/bismarckserben.org\/aktuelles\/wp-json\/wp\/v2\/types\/page"}],"author":[{"embeddable":true,"href":"https:\/\/bismarckserben.org\/aktuelles\/wp-json\/wp\/v2\/users\/1"}],"replies":[{"embeddable":true,"href":"https:\/\/bismarckserben.org\/aktuelles\/wp-json\/wp\/v2\/comments?post=141"}],"version-history":[{"count":6,"href":"https:\/\/bismarckserben.org\/aktuelles\/wp-json\/wp\/v2\/pages\/141\/revisions"}],"predecessor-version":[{"id":394,"href":"https:\/\/bismarckserben.org\/aktuelles\/wp-json\/wp\/v2\/pages\/141\/revisions\/394"}],"wp:attachment":[{"href":"https:\/\/bismarckserben.org\/aktuelles\/wp-json\/wp\/v2\/media?parent=141"}],"curies":[{"name":"wp","href":"https:\/\/api.w.org\/{rel}","templated":true}]}}